{"id":28,"date":"2026-01-13T16:10:18","date_gmt":"2026-01-13T16:10:18","guid":{"rendered":"https:\/\/4farms.fi\/?page_id=28"},"modified":"2026-01-13T16:14:17","modified_gmt":"2026-01-13T16:14:17","slug":"tarinamme","status":"publish","type":"page","link":"https:\/\/4farms.fi\/index.php\/tarinamme\/","title":{"rendered":"Tarinamme"},"content":{"rendered":"\n<p>4Farms Oy aloittaa Fullwood-Joz lypsytekniikan maahantuojana, myyj\u00e4n\u00e4 ja huoltajana kev\u00e4\u00e4n 2026 aikana.\u00a0<\/p>\n\n\n\n<p>4Farms Oy on nelj\u00e4n maatalousyritt\u00e4j\u00e4n juuri perustama yhti\u00f6 jonka p\u00e4\u00e4teht\u00e4v\u00e4 on huolehtia kev\u00e4\u00e4st\u00e4 2026 eteenp\u00e4in olemassa olevan Fullwood ja Packo tuotekannan huollosta ja varaosista Suomessa. Sek\u00e4 aloittaa uudelleen Suomessa keskeytyksess\u00e4 ollut Fullwood-Joz M<sup>2<\/sup>erlin robottien maahantuonti ja myynti.\u00a0<\/p>\n\n\n\n<p>Yhti\u00f6n varaosien ja robottimyynnin keskusvarasto tulee sijaitsemaan maidontuotannon kannalta keskeisell\u00e4 alueella Sieviss\u00e4, josta on varaosien ja huollon kannalta lyhyet et\u00e4isyydet ymp\u00e4ri suomen. Varaosien sivupisteet sijaitsevat Lapinlahdella ja Vaalassa.&nbsp;<\/p>\n\n\n\n<p>Yhti\u00f6 tulee lis\u00e4\u00e4m\u00e4\u00e4n tuotevalikoimaansa l\u00e4hiaikoina my\u00f6s muita tuotteita harkitusti erityisesti karjatiloja silm\u00e4ll\u00e4 pit\u00e4en.&nbsp;<\/p>\n\n\n\n<p>Fullwood M<sup>2<\/sup>erlin robotit ovat osoittaneet eritt\u00e4in hyv\u00e4n toimintavarmuuden ja matalat huolto- ja yll\u00e4pitokustannukset, sen vuoksi kukaan robottien omistajista Suomessa ei ollut halukas luopumaan laitteistaan vaikka maahantuonti ja tuki Suomessa on ollut useita kertoja katkolla.&nbsp;<\/p>\n\n\n\n<p>M2erlin roboteilla on lypsetty Suomessa useilla tiloilla yli 800 000L meijerimaitoa per robotti, joten my\u00f6s laitteiden kapasiteetti kest\u00e4\u00e4 vertailun kilpaileviin merkkeihin.&nbsp;<\/p>\n\n\n\n<p>Uutuutena Suomessa tulemme lanseeraamaan perinteisten huoltosopimusten lis\u00e4ksi my\u00f6s DIY huoltosopimuksen, sill\u00e4 koneen \u00e4\u00e4rimm\u00e4isen yksikertainen rakenne mahdollistaa my\u00f6s maidontuottajan itsens\u00e4 pitk\u00e4lti suorittamat huollot. T\u00e4m\u00e4n ansiosta tulemme k\u00e4ytt\u00f6kustannuksilla p\u00e4\u00e4sem\u00e4\u00e4n t\u00e4ysin eri kustannusluokkaan kuin perinteisesti robottilypsyss\u00e4 on totuttu.<\/p>\n\n\n\n<p><\/p>\n","protected":false},"excerpt":{"rendered":"<p>4Farms Oy aloittaa Fullwood-Joz lypsytekniikan maahantuojana, myyj\u00e4n\u00e4 ja huoltajana kev\u00e4\u00e4n 2026 aikana.\u00a0 4Farms Oy on nelj\u00e4n maatalousyritt\u00e4j\u00e4n juuri perustama yhti\u00f6 jonka p\u00e4\u00e4teht\u00e4v\u00e4 on huolehtia kev\u00e4\u00e4st\u00e4 2026 eteenp\u00e4in olemassa olevan Fullwood ja Packo tuotekannan huollosta ja varaosista Suomessa. Sek\u00e4 aloittaa uudelleen Suomessa keskeytyksess\u00e4 ollut Fullwood-Joz M2erlin robottien maahantuonti ja myynti.\u00a0 Yhti\u00f6n varaosien ja robottimyynnin keskusvarasto tulee [&hellip;]<\/p>\n","protected":false},"author":1,"featured_media":0,"parent":0,"menu_order":0,"comment_status":"closed","ping_status":"closed","template":"","meta":{"footnotes":""},"class_list":["post-28","page","type-page","status-publish","hentry"],"jetpack_sharing_enabled":true,"_links":{"self":[{"href":"https:\/\/4farms.fi\/index.php\/wp-json\/wp\/v2\/pages\/28","targetHints":{"allow":["GET"]}}],"collection":[{"href":"https:\/\/4farms.fi\/index.php\/wp-json\/wp\/v2\/pages"}],"about":[{"href":"https:\/\/4farms.fi\/index.php\/wp-json\/wp\/v2\/types\/page"}],"author":[{"embeddable":true,"href":"https:\/\/4farms.fi\/index.php\/wp-json\/wp\/v2\/users\/1"}],"replies":[{"embeddable":true,"href":"https:\/\/4farms.fi\/index.php\/wp-json\/wp\/v2\/comments?post=28"}],"version-history":[{"count":2,"href":"https:\/\/4farms.fi\/index.php\/wp-json\/wp\/v2\/pages\/28\/revisions"}],"predecessor-version":[{"id":32,"href":"https:\/\/4farms.fi\/index.php\/wp-json\/wp\/v2\/pages\/28\/revisions\/32"}],"wp:attachment":[{"href":"https:\/\/4farms.fi\/index.php\/wp-json\/wp\/v2\/media?parent=28"}],"curies":[{"name":"wp","href":"https:\/\/api.w.org\/{rel}","templated":true}]}}