{"id":259,"date":"2026-01-17T19:13:37","date_gmt":"2026-01-17T19:13:37","guid":{"rendered":"https:\/\/4farms.fi\/?page_id=259"},"modified":"2026-01-17T19:13:37","modified_gmt":"2026-01-17T19:13:37","slug":"steampulse-lypsyteknologia","status":"publish","type":"page","link":"https:\/\/4farms.fi\/index.php\/steampulse-lypsyteknologia\/","title":{"rendered":"Steampulse-lypsyteknologia"},"content":{"rendered":"\n<div class=\"wp-block-group alignfull is-style-section-5 has-global-padding is-layout-constrained wp-block-group-is-layout-constrained is-style-section-5--1\" style=\"margin-top:0;margin-bottom:0;padding-top:var(--wp--preset--spacing--50);padding-bottom:var(--wp--preset--spacing--50)\">\n<div class=\"wp-block-columns alignwide is-layout-flex wp-container-core-columns-is-layout-7ee84d44 wp-block-columns-is-layout-flex\">\n<div class=\"wp-block-column is-vertically-aligned-center is-layout-flow wp-block-column-is-layout-flow\" style=\"flex-basis:50%\">\n<h2 class=\"wp-block-heading\">Kuinka teknologia toimii<\/h2>\n\n\n\n<p>Ainutkertainen steampulse-lypsyteknologia voidaan selitt\u00e4\u00e4 nelj\u00e4ll\u00e4 askeleella, jotka yhdess\u00e4 johtavat nelj\u00e4nnesten sopivaan tyhjenemiseen:<\/p>\n\n\n\n<ul class=\"wp-block-list\">\n<li>Steampulse varmistaa pidemm\u00e4n maidon virtausajan kuin tavallinen tekniikka. T\u00e4m\u00e4 v\u00e4hent\u00e4\u00e4 alipainetta n\u00e4nnikupeissa lepovaiheessa<\/li>\n\n\n\n<li>T\u00e4m\u00e4 v\u00e4hent\u00e4\u00e4 vetimen tuntemaa painetta (ei turpoamista) ja steampulse-tekniikka pit\u00e4\u00e4 huolen, ett\u00e4 maitokanavat s\u00e4ilyv\u00e4t t\u00e4ysin auki<\/li>\n\n\n\n<li>T\u00e4m\u00e4 tarkoittaa, ett\u00e4 50 % maidon m\u00e4\u00e4r\u00e4st\u00e4 on lypsetty ensimm\u00e4isen t\u00e4rke\u00e4n kahden minuutin aikana ja maidon virtaus s\u00e4ilyy viel\u00e4 korkeana<\/li>\n\n\n\n<li>T\u00e4m\u00e4 kokonaisuus pit\u00e4\u00e4 huolen, ett\u00e4 kaikki nelj\u00e4nnekset ovat &#8221;t\u00e4ydellisesti&#8221; tyhjennettyj\u00e4 t\u00e4ten lis\u00e4ten tuotetun maidon kokonaism\u00e4\u00e4r\u00e4\u00e4<\/li>\n<\/ul>\n<\/div>\n\n\n\n<div class=\"wp-block-column is-vertically-aligned-center is-layout-flow wp-block-column-is-layout-flow\" style=\"flex-basis:50%\">\n<div class=\"wp-block-jetpack-tiled-gallery aligncenter is-style-rectangular\"><div class=\"\"><div class=\"tiled-gallery__gallery\"><div class=\"tiled-gallery__row\"><div class=\"tiled-gallery__col\" style=\"flex-basis:100.00000%\"><figure class=\"tiled-gallery__item\"><img decoding=\"async\" srcset=\"https:\/\/i0.wp.com\/4farms.fi\/wp-content\/uploads\/2026\/01\/streampulse-uk-768x574-1.jpg?strip=info&#038;w=600&#038;ssl=1 600w,https:\/\/i0.wp.com\/4farms.fi\/wp-content\/uploads\/2026\/01\/streampulse-uk-768x574-1.jpg?strip=info&#038;w=768&#038;ssl=1 768w\" alt=\"\" data-height=\"574\" data-id=\"260\" data-link=\"https:\/\/4farms.fi\/?attachment_id=260\" data-url=\"https:\/\/4farms.fi\/wp-content\/uploads\/2026\/01\/streampulse-uk-768x574-1.jpg\" data-width=\"768\" src=\"https:\/\/i0.wp.com\/4farms.fi\/wp-content\/uploads\/2026\/01\/streampulse-uk-768x574-1.jpg?ssl=1\" data-amp-layout=\"responsive\"\/><\/figure><\/div><\/div><\/div><\/div><\/div>\n<\/div>\n<\/div>\n<\/div>\n","protected":false},"excerpt":{"rendered":"<p>Kuinka teknologia toimii Ainutkertainen steampulse-lypsyteknologia voidaan selitt\u00e4\u00e4 nelj\u00e4ll\u00e4 askeleella, jotka yhdess\u00e4 johtavat nelj\u00e4nnesten sopivaan tyhjenemiseen:<\/p>\n","protected":false},"author":1,"featured_media":0,"parent":0,"menu_order":0,"comment_status":"closed","ping_status":"closed","template":"","meta":{"footnotes":""},"class_list":["post-259","page","type-page","status-publish","hentry"],"jetpack_sharing_enabled":true,"_links":{"self":[{"href":"https:\/\/4farms.fi\/index.php\/wp-json\/wp\/v2\/pages\/259","targetHints":{"allow":["GET"]}}],"collection":[{"href":"https:\/\/4farms.fi\/index.php\/wp-json\/wp\/v2\/pages"}],"about":[{"href":"https:\/\/4farms.fi\/index.php\/wp-json\/wp\/v2\/types\/page"}],"author":[{"embeddable":true,"href":"https:\/\/4farms.fi\/index.php\/wp-json\/wp\/v2\/users\/1"}],"replies":[{"embeddable":true,"href":"https:\/\/4farms.fi\/index.php\/wp-json\/wp\/v2\/comments?post=259"}],"version-history":[{"count":1,"href":"https:\/\/4farms.fi\/index.php\/wp-json\/wp\/v2\/pages\/259\/revisions"}],"predecessor-version":[{"id":261,"href":"https:\/\/4farms.fi\/index.php\/wp-json\/wp\/v2\/pages\/259\/revisions\/261"}],"wp:attachment":[{"href":"https:\/\/4farms.fi\/index.php\/wp-json\/wp\/v2\/media?parent=259"}],"curies":[{"name":"wp","href":"https:\/\/api.w.org\/{rel}","templated":true}]}}