{"id":249,"date":"2026-01-17T14:14:11","date_gmt":"2026-01-17T14:14:11","guid":{"rendered":"https:\/\/4farms.fi\/?page_id=249"},"modified":"2026-01-18T07:50:40","modified_gmt":"2026-01-18T07:50:40","slug":"tehokkuus-ja-kaytannollisyys","status":"publish","type":"page","link":"https:\/\/4farms.fi\/index.php\/tehokkuus-ja-kaytannollisyys\/","title":{"rendered":"Tehokkuus ja k\u00e4yt\u00e4nn\u00f6llisyys"},"content":{"rendered":"\n<div class=\"wp-block-group alignfull has-global-padding is-layout-constrained wp-block-group-is-layout-constrained\" style=\"margin-top:0;margin-bottom:0;padding-top:var(--wp--preset--spacing--50);padding-bottom:var(--wp--preset--spacing--50)\">\n<div class=\"wp-block-columns alignwide is-layout-flex wp-container-core-columns-is-layout-47c06fe3 wp-block-columns-is-layout-flex\">\n<div class=\"wp-block-column is-layout-flow wp-block-column-is-layout-flow\" style=\"flex-basis:56%\">\n<figure class=\"wp-block-image size-full\"><img loading=\"lazy\" decoding=\"async\" width=\"900\" height=\"600\" src=\"https:\/\/4farms.fi\/wp-content\/uploads\/2026\/01\/m2erlin-koe.jpg\" alt=\"\" class=\"wp-image-250\" style=\"aspect-ratio:1;object-fit:cover\" srcset=\"https:\/\/4farms.fi\/wp-content\/uploads\/2026\/01\/m2erlin-koe.jpg 900w, https:\/\/4farms.fi\/wp-content\/uploads\/2026\/01\/m2erlin-koe-300x200.jpg 300w, https:\/\/4farms.fi\/wp-content\/uploads\/2026\/01\/m2erlin-koe-768x512.jpg 768w, https:\/\/4farms.fi\/wp-content\/uploads\/2026\/01\/m2erlin-koe-600x400.jpg 600w\" sizes=\"auto, (max-width: 900px) 100vw, 900px\" \/><\/figure>\n<\/div>\n\n\n\n<div class=\"wp-block-column is-vertically-aligned-center is-layout-flow wp-container-core-column-is-layout-119bc444 wp-block-column-is-layout-flow\">\n<h2 class=\"wp-block-heading\">Lehm\u00e4liikenne<\/h2>\n\n\n\n<p>Lypsyrobotin oikea sijoittelu on olennaista tehokkuuden ja lehmien mukavuuden kannalta.<\/p>\n<\/div>\n<\/div>\n<\/div>\n\n\n\n<div class=\"wp-block-group alignfull has-global-padding is-layout-constrained wp-block-group-is-layout-constrained\" style=\"margin-top:0;margin-bottom:0;padding-top:var(--wp--preset--spacing--50);padding-bottom:var(--wp--preset--spacing--50)\">\n<div class=\"wp-block-columns alignwide is-layout-flex wp-container-core-columns-is-layout-47c06fe3 wp-block-columns-is-layout-flex\">\n<div class=\"wp-block-column is-layout-flow wp-block-column-is-layout-flow\" style=\"flex-basis:56%\">\n<figure class=\"wp-block-image size-full\"><img loading=\"lazy\" decoding=\"async\" width=\"600\" height=\"445\" src=\"https:\/\/4farms.fi\/wp-content\/uploads\/2026\/01\/Robotti-ylhaalta.jpg\" alt=\"\" class=\"wp-image-251\" style=\"aspect-ratio:1;object-fit:cover\" srcset=\"https:\/\/4farms.fi\/wp-content\/uploads\/2026\/01\/Robotti-ylhaalta.jpg 600w, https:\/\/4farms.fi\/wp-content\/uploads\/2026\/01\/Robotti-ylhaalta-300x223.jpg 300w\" sizes=\"auto, (max-width: 600px) 100vw, 600px\" \/><\/figure>\n<\/div>\n\n\n\n<div class=\"wp-block-column is-vertically-aligned-center is-layout-flow wp-container-core-column-is-layout-119bc444 wp-block-column-is-layout-flow\">\n<h2 class=\"wp-block-heading\">Kaksoissis\u00e4\u00e4nk\u00e4ynti ja kaksoispoistuminen<\/h2>\n\n\n\n<p>Lypsyrobottiin voi kulkea suoraan tai sivulta. Robotista voi poistua suoraan tai sivulle. N\u00e4iden yhdistelmien k\u00e4ytt\u00f6 on mahdollista. Esimerkiksi p\u00e4\u00e4ryhm\u00e4st\u00e4 tulevat tulevat suoraan robottiin ja poistuvat suoraan takaisin p\u00e4\u00e4ryhm\u00e4\u00e4n ja takakierrosta tulevat lehm\u00e4t sivusta ja poistuvat takaisin ryhm\u00e4\u00e4ns\u00e4 sivuportista.<\/p>\n<\/div>\n<\/div>\n<\/div>\n\n\n\n<div class=\"wp-block-columns alignwide is-layout-flex wp-container-core-columns-is-layout-47c06fe3 wp-block-columns-is-layout-flex\">\n<div class=\"wp-block-column is-layout-flow wp-block-column-is-layout-flow\" style=\"flex-basis:56%\">\n<figure class=\"wp-block-image size-large is-resized\"><img loading=\"lazy\" decoding=\"async\" width=\"452\" height=\"192\" src=\"https:\/\/4farms.fi\/wp-content\/uploads\/2026\/01\/twin-entry-website-2.png\" alt=\"\" class=\"wp-image-254\" style=\"aspect-ratio:2.35418164390127;width:680px;height:auto\" srcset=\"https:\/\/4farms.fi\/wp-content\/uploads\/2026\/01\/twin-entry-website-2.png 452w, https:\/\/4farms.fi\/wp-content\/uploads\/2026\/01\/twin-entry-website-2-300x127.png 300w\" sizes=\"auto, (max-width: 452px) 100vw, 452px\" \/><\/figure>\n<\/div>\n\n\n\n<div class=\"wp-block-column is-vertically-aligned-center is-layout-flow wp-container-core-column-is-layout-119bc444 wp-block-column-is-layout-flow\">\n<figure class=\"wp-block-gallery has-nested-images columns-default is-cropped wp-block-gallery-1 is-layout-flex wp-block-gallery-is-layout-flex\">\n<figure class=\"wp-block-image size-large is-resized\"><img loading=\"lazy\" decoding=\"async\" width=\"222\" height=\"203\" data-id=\"256\" src=\"https:\/\/4farms.fi\/wp-content\/uploads\/2026\/01\/Twin-exit-websit2.png\" alt=\"\" class=\"wp-image-256\" style=\"width:376px;height:auto\"\/><\/figure>\n<\/figure>\n<\/div>\n<\/div>\n\n\n\n<figure class=\"wp-block-embed alignwide is-type-video is-provider-youtube wp-block-embed-youtube wp-embed-aspect-16-9 wp-has-aspect-ratio\"><div class=\"wp-block-embed__wrapper\">\n<iframe loading=\"lazy\" title=\"M2erlin melkrobot | Dubbele Ingang \/ Dubbele uitgang | Twin Entry \/ Twin Exit - Fullwood JOZ\" width=\"500\" height=\"281\" src=\"https:\/\/www.youtube.com\/embed\/IeygUltLsHU?feature=oembed\" frameborder=\"0\" allow=\"accelerometer; autoplay; clipboard-write; encrypted-media; gyroscope; picture-in-picture; web-share\" referrerpolicy=\"strict-origin-when-cross-origin\" allowfullscreen><\/iframe>\n<\/div><\/figure>\n","protected":false},"excerpt":{"rendered":"<p>Lehm\u00e4liikenne Lypsyrobotin oikea sijoittelu on olennaista tehokkuuden ja lehmien mukavuuden kannalta. Kaksoissis\u00e4\u00e4nk\u00e4ynti ja kaksoispoistuminen Lypsyrobottiin voi kulkea suoraan tai sivulta. Robotista voi poistua suoraan tai sivulle. N\u00e4iden yhdistelmien k\u00e4ytt\u00f6 on mahdollista. Esimerkiksi p\u00e4\u00e4ryhm\u00e4st\u00e4 tulevat tulevat suoraan robottiin ja poistuvat suoraan takaisin p\u00e4\u00e4ryhm\u00e4\u00e4n ja takakierrosta tulevat lehm\u00e4t sivusta ja poistuvat takaisin ryhm\u00e4\u00e4ns\u00e4 sivuportista.<\/p>\n","protected":false},"author":1,"featured_media":0,"parent":0,"menu_order":0,"comment_status":"closed","ping_status":"closed","template":"","meta":{"footnotes":""},"class_list":["post-249","page","type-page","status-publish","hentry"],"jetpack_sharing_enabled":true,"_links":{"self":[{"href":"https:\/\/4farms.fi\/index.php\/wp-json\/wp\/v2\/pages\/249","targetHints":{"allow":["GET"]}}],"collection":[{"href":"https:\/\/4farms.fi\/index.php\/wp-json\/wp\/v2\/pages"}],"about":[{"href":"https:\/\/4farms.fi\/index.php\/wp-json\/wp\/v2\/types\/page"}],"author":[{"embeddable":true,"href":"https:\/\/4farms.fi\/index.php\/wp-json\/wp\/v2\/users\/1"}],"replies":[{"embeddable":true,"href":"https:\/\/4farms.fi\/index.php\/wp-json\/wp\/v2\/comments?post=249"}],"version-history":[{"count":6,"href":"https:\/\/4farms.fi\/index.php\/wp-json\/wp\/v2\/pages\/249\/revisions"}],"predecessor-version":[{"id":266,"href":"https:\/\/4farms.fi\/index.php\/wp-json\/wp\/v2\/pages\/249\/revisions\/266"}],"wp:attachment":[{"href":"https:\/\/4farms.fi\/index.php\/wp-json\/wp\/v2\/media?parent=249"}],"curies":[{"name":"wp","href":"https:\/\/api.w.org\/{rel}","templated":true}]}}