{"id":239,"date":"2026-01-17T13:34:31","date_gmt":"2026-01-17T13:34:31","guid":{"rendered":"https:\/\/4farms.fi\/?page_id=239"},"modified":"2026-01-18T07:56:50","modified_gmt":"2026-01-18T07:56:50","slug":"stressitonta-ja-tehokasta-lypsya","status":"publish","type":"page","link":"https:\/\/4farms.fi\/index.php\/stressitonta-ja-tehokasta-lypsya\/","title":{"rendered":"Stressit\u00f6nt\u00e4 ja tehokasta lypsy\u00e4"},"content":{"rendered":"\n<div class=\"wp-block-media-text alignfull is-stacked-on-mobile\"><figure class=\"wp-block-media-text__media\"><img loading=\"lazy\" decoding=\"async\" width=\"1024\" height=\"683\" src=\"https:\/\/4farms.fi\/wp-content\/uploads\/2026\/01\/0048_FWJ_131222_-scaled-1-1024x683.jpg\" alt=\"\" class=\"wp-image-240 size-full\" srcset=\"https:\/\/4farms.fi\/wp-content\/uploads\/2026\/01\/0048_FWJ_131222_-scaled-1-1024x683.jpg 1024w, https:\/\/4farms.fi\/wp-content\/uploads\/2026\/01\/0048_FWJ_131222_-scaled-1-300x200.jpg 300w, https:\/\/4farms.fi\/wp-content\/uploads\/2026\/01\/0048_FWJ_131222_-scaled-1-768x512.jpg 768w, https:\/\/4farms.fi\/wp-content\/uploads\/2026\/01\/0048_FWJ_131222_-scaled-1-1536x1024.jpg 1536w, https:\/\/4farms.fi\/wp-content\/uploads\/2026\/01\/0048_FWJ_131222_-scaled-1-2048x1366.jpg 2048w, https:\/\/4farms.fi\/wp-content\/uploads\/2026\/01\/0048_FWJ_131222_-scaled-1-1320x880.jpg 1320w, https:\/\/4farms.fi\/wp-content\/uploads\/2026\/01\/0048_FWJ_131222_-scaled-1-600x400.jpg 600w\" sizes=\"auto, (max-width: 1024px) 100vw, 1024px\" \/><\/figure><div class=\"wp-block-media-text__content\">\n<div class=\"wp-block-group alignwide has-global-padding is-content-justification-left is-layout-constrained wp-container-core-group-is-layout-12dd3699 wp-block-group-is-layout-constrained\">\n<p>Kahdesta portista sis\u00e4\u00e4n ja kahdesta ulos<\/p>\n\n\n\n<p>Lypsyrobotin kaksoisportitus robottiin ja pois tekev\u00e4t sen sijoittelusta navetan sis\u00e4ll\u00e4 joustavaa. Robottiin voidaan ottaa el\u00e4imi\u00e4 suoraan kahdesta eri ryhm\u00e4st\u00e4 ilman lis\u00e4portitusta. Kahteen eri ryhm\u00e4\u00e4n jaottelu voidaan tehd\u00e4 robotilla ja vasta kolmanteen ryhm\u00e4\u00e4n erottelu tarvitsee \u00e4lyportin.<\/p>\n\n\n\n<div class=\"wp-block-buttons is-layout-flex wp-block-buttons-is-layout-flex\">\n<div class=\"wp-block-button\"><a class=\"wp-block-button__link wp-element-button\" href=\"https:\/\/4farms.fi\/index.php\/tehokkuus-ja-kaytannollisyys\/\">Lue lis\u00e4\u00e4<\/a><\/div>\n<\/div>\n<\/div>\n<\/div><\/div>\n\n\n\n<div class=\"wp-block-group alignfull is-style-section-5 has-global-padding is-layout-constrained wp-block-group-is-layout-constrained is-style-section-5--1\" style=\"margin-top:0;margin-bottom:0;padding-top:var(--wp--preset--spacing--50);padding-bottom:var(--wp--preset--spacing--50)\">\n<div class=\"wp-block-columns alignwide is-layout-flex wp-container-core-columns-is-layout-7ee84d44 wp-block-columns-is-layout-flex\">\n<div class=\"wp-block-column is-vertically-aligned-center is-layout-flow wp-block-column-is-layout-flow\" style=\"flex-basis:50%\">\n<h2 class=\"wp-block-heading\">Lehm\u00e4n mukavuus <\/h2>\n\n\n\n<p class=\"has-medium-font-size\">Hiljaisen (ja energiatehokkaan) s\u00e4hk\u00f6k\u00e4ytt\u00f6isen k\u00e4sivarren ja tilavan sek\u00e4 avoimen kopin ansiosta lehm\u00e4t seisovat mahdollisimman rentoina lypsyrobotissa<\/p>\n<\/div>\n\n\n\n<div class=\"wp-block-column is-vertically-aligned-center is-layout-flow wp-block-column-is-layout-flow\" style=\"flex-basis:50%\">\n<figure class=\"wp-block-image size-full\"><img loading=\"lazy\" decoding=\"async\" width=\"2000\" height=\"1333\" src=\"https:\/\/4farms.fi\/wp-content\/uploads\/2026\/01\/14.jpg\" alt=\"\" class=\"wp-image-241\" style=\"aspect-ratio:1;object-fit:cover\" srcset=\"https:\/\/4farms.fi\/wp-content\/uploads\/2026\/01\/14.jpg 2000w, https:\/\/4farms.fi\/wp-content\/uploads\/2026\/01\/14-300x200.jpg 300w, https:\/\/4farms.fi\/wp-content\/uploads\/2026\/01\/14-1024x682.jpg 1024w, https:\/\/4farms.fi\/wp-content\/uploads\/2026\/01\/14-768x512.jpg 768w, https:\/\/4farms.fi\/wp-content\/uploads\/2026\/01\/14-1536x1024.jpg 1536w, https:\/\/4farms.fi\/wp-content\/uploads\/2026\/01\/14-1320x880.jpg 1320w, https:\/\/4farms.fi\/wp-content\/uploads\/2026\/01\/14-600x400.jpg 600w\" sizes=\"auto, (max-width: 2000px) 100vw, 2000px\" \/><\/figure>\n<\/div>\n<\/div>\n<\/div>\n\n\n\n<div class=\"wp-block-group alignfull has-global-padding is-layout-constrained wp-block-group-is-layout-constrained\" style=\"margin-top:0;margin-bottom:0\">\n<div class=\"wp-block-group alignwide is-layout-grid wp-container-core-group-is-layout-5fdb10e5 wp-block-group-is-layout-grid\" style=\"padding-top:var(--wp--preset--spacing--50);padding-bottom:var(--wp--preset--spacing--50)\">\n<div class=\"wp-block-group wp-container-content-5fd69529 is-vertical is-content-justification-stretch is-nowrap is-layout-flex wp-container-core-group-is-layout-627337ab wp-block-group-is-layout-flex\">\n<div class=\"wp-block-group is-vertical is-content-justification-left is-layout-flex wp-container-core-group-is-layout-dd225191 wp-block-group-is-layout-flex\">\n<h2 class=\"wp-block-heading\">Streampulse-lypsyteknologia<\/h2>\n\n\n\n<p>T\u00e4m\u00e4 ainutlaatuinen lypsyteknologia varmistaa aina t\u00e4ysin tyhjentyneet nelj\u00e4nnekset, mik\u00e4 muun muassa johtaa suurempaan maitotuotokseen sek\u00e4 v\u00e4hent\u00e4\u00e4 tulehdusten riski\u00e4.<\/p>\n\n\n\n<div class=\"wp-block-buttons is-layout-flex wp-block-buttons-is-layout-flex\">\n<div class=\"wp-block-button\"><a class=\"wp-block-button__link wp-element-button\" href=\"https:\/\/4farms.fi\/index.php\/steampulse-lypsyteknologia\/\">Lue lis\u00e4\u00e4<\/a><\/div>\n<\/div>\n<\/div>\n<\/div>\n\n\n\n<figure class=\"wp-block-image size-full\"><img loading=\"lazy\" decoding=\"async\" width=\"1024\" height=\"683\" src=\"https:\/\/4farms.fi\/wp-content\/uploads\/2026\/01\/PTF8647-1024x683-1.jpg\" alt=\"\" class=\"wp-image-242\" style=\"aspect-ratio:3\/4;object-fit:cover\" srcset=\"https:\/\/4farms.fi\/wp-content\/uploads\/2026\/01\/PTF8647-1024x683-1.jpg 1024w, https:\/\/4farms.fi\/wp-content\/uploads\/2026\/01\/PTF8647-1024x683-1-300x200.jpg 300w, https:\/\/4farms.fi\/wp-content\/uploads\/2026\/01\/PTF8647-1024x683-1-768x512.jpg 768w, https:\/\/4farms.fi\/wp-content\/uploads\/2026\/01\/PTF8647-1024x683-1-600x400.jpg 600w\" sizes=\"auto, (max-width: 1024px) 100vw, 1024px\" \/><\/figure>\n<\/div>\n<\/div>\n\n\n\n<div class=\"wp-block-group alignfull is-style-section-5 has-global-padding is-layout-constrained wp-block-group-is-layout-constrained is-style-section-5--2\" style=\"margin-top:0;margin-bottom:0;padding-top:var(--wp--preset--spacing--50);padding-bottom:var(--wp--preset--spacing--50)\">\n<div class=\"wp-block-columns alignwide is-layout-flex wp-container-core-columns-is-layout-7ee84d44 wp-block-columns-is-layout-flex\">\n<div class=\"wp-block-column is-vertically-aligned-center is-layout-flow wp-block-column-is-layout-flow\" style=\"flex-basis:50%\">\n<h2 class=\"wp-block-heading\">Kustannustehokas<\/h2>\n\n\n\n<p>Energian kulutus: 0,015 &#8211; 0,020 kWh per lypsetty maitokilo<\/p>\n\n\n\n<p>Veden kulutus: 150 &#8211; 200 litraa kuumaa vett\u00e4 ja 200 -250 litraa kylm\u00e4\u00e4 vett\u00e4 vuorokaudessa.<\/p>\n<\/div>\n\n\n\n<div class=\"wp-block-column is-vertically-aligned-center is-layout-flow wp-block-column-is-layout-flow\" style=\"flex-basis:50%\">\n<figure class=\"wp-block-image size-full\"><img loading=\"lazy\" decoding=\"async\" width=\"900\" height=\"601\" src=\"https:\/\/4farms.fi\/wp-content\/uploads\/2026\/01\/13.jpg\" alt=\"\" class=\"wp-image-269\" style=\"aspect-ratio:1;object-fit:cover\" srcset=\"https:\/\/4farms.fi\/wp-content\/uploads\/2026\/01\/13.jpg 900w, https:\/\/4farms.fi\/wp-content\/uploads\/2026\/01\/13-300x200.jpg 300w, https:\/\/4farms.fi\/wp-content\/uploads\/2026\/01\/13-768x513.jpg 768w, https:\/\/4farms.fi\/wp-content\/uploads\/2026\/01\/13-600x401.jpg 600w\" sizes=\"auto, (max-width: 900px) 100vw, 900px\" \/><\/figure>\n<\/div>\n<\/div>\n<\/div>\n\n\n\n<p><\/p>\n","protected":false},"excerpt":{"rendered":"<p>Lehm\u00e4n mukavuus Hiljaisen (ja energiatehokkaan) s\u00e4hk\u00f6k\u00e4ytt\u00f6isen k\u00e4sivarren ja tilavan sek\u00e4 avoimen kopin ansiosta lehm\u00e4t seisovat mahdollisimman rentoina lypsyrobotissa Streampulse-lypsyteknologia T\u00e4m\u00e4 ainutlaatuinen lypsyteknologia varmistaa aina t\u00e4ysin tyhjentyneet nelj\u00e4nnekset, mik\u00e4 muun muassa johtaa suurempaan maitotuotokseen sek\u00e4 v\u00e4hent\u00e4\u00e4 tulehdusten riski\u00e4. Kustannustehokas Energian kulutus: 0,015 &#8211; 0,020 kWh per lypsetty maitokilo Veden kulutus: 150 &#8211; 200 litraa kuumaa vett\u00e4 [&hellip;]<\/p>\n","protected":false},"author":1,"featured_media":0,"parent":0,"menu_order":0,"comment_status":"closed","ping_status":"closed","template":"","meta":{"footnotes":""},"class_list":["post-239","page","type-page","status-publish","hentry"],"jetpack_sharing_enabled":true,"_links":{"self":[{"href":"https:\/\/4farms.fi\/index.php\/wp-json\/wp\/v2\/pages\/239","targetHints":{"allow":["GET"]}}],"collection":[{"href":"https:\/\/4farms.fi\/index.php\/wp-json\/wp\/v2\/pages"}],"about":[{"href":"https:\/\/4farms.fi\/index.php\/wp-json\/wp\/v2\/types\/page"}],"author":[{"embeddable":true,"href":"https:\/\/4farms.fi\/index.php\/wp-json\/wp\/v2\/users\/1"}],"replies":[{"embeddable":true,"href":"https:\/\/4farms.fi\/index.php\/wp-json\/wp\/v2\/comments?post=239"}],"version-history":[{"count":9,"href":"https:\/\/4farms.fi\/index.php\/wp-json\/wp\/v2\/pages\/239\/revisions"}],"predecessor-version":[{"id":271,"href":"https:\/\/4farms.fi\/index.php\/wp-json\/wp\/v2\/pages\/239\/revisions\/271"}],"wp:attachment":[{"href":"https:\/\/4farms.fi\/index.php\/wp-json\/wp\/v2\/media?parent=239"}],"curies":[{"name":"wp","href":"https:\/\/api.w.org\/{rel}","templated":true}]}}