{"id":20,"date":"2026-01-13T15:52:33","date_gmt":"2026-01-13T15:52:33","guid":{"rendered":"https:\/\/4farms.fi\/?page_id=20"},"modified":"2026-01-13T15:57:14","modified_gmt":"2026-01-13T15:57:14","slug":"yhteystiedot","status":"publish","type":"page","link":"https:\/\/4farms.fi\/index.php\/yhteystiedot\/","title":{"rendered":"Yhteystiedot"},"content":{"rendered":"\n<blockquote class=\"wp-block-quote is-layout-flow wp-block-quote-is-layout-flow\">\n<p>Juhani Keskitalo<br>040 543 3883<\/p>\n\n\n\n<p>Antti Kangas<br>050 541 6499<\/p>\n\n\n\n<p>Sami Partanen<br>040 521 8821<\/p>\n\n\n\n<p>Pauli L\u00e4ms\u00e4<br>040 822 2853<\/p>\n<\/blockquote>\n\n\n\n<p>S\u00e4hk\u00f6postit etunimi.sukunimi@4farms.fi<\/p>\n\n\n\n<p><\/p>\n","protected":false},"excerpt":{"rendered":"<p>Juhani Keskitalo040 543 3883 Antti Kangas050 541 6499 Sami Partanen040 521 8821 Pauli L\u00e4ms\u00e4040 822 2853 S\u00e4hk\u00f6postit etunimi.sukunimi@4farms.fi<\/p>\n","protected":false},"author":1,"featured_media":0,"parent":0,"menu_order":0,"comment_status":"closed","ping_status":"closed","template":"","meta":{"footnotes":""},"class_list":["post-20","page","type-page","status-publish","hentry"],"jetpack_sharing_enabled":true,"_links":{"self":[{"href":"https:\/\/4farms.fi\/index.php\/wp-json\/wp\/v2\/pages\/20","targetHints":{"allow":["GET"]}}],"collection":[{"href":"https:\/\/4farms.fi\/index.php\/wp-json\/wp\/v2\/pages"}],"about":[{"href":"https:\/\/4farms.fi\/index.php\/wp-json\/wp\/v2\/types\/page"}],"author":[{"embeddable":true,"href":"https:\/\/4farms.fi\/index.php\/wp-json\/wp\/v2\/users\/1"}],"replies":[{"embeddable":true,"href":"https:\/\/4farms.fi\/index.php\/wp-json\/wp\/v2\/comments?post=20"}],"version-history":[{"count":2,"href":"https:\/\/4farms.fi\/index.php\/wp-json\/wp\/v2\/pages\/20\/revisions"}],"predecessor-version":[{"id":23,"href":"https:\/\/4farms.fi\/index.php\/wp-json\/wp\/v2\/pages\/20\/revisions\/23"}],"wp:attachment":[{"href":"https:\/\/4farms.fi\/index.php\/wp-json\/wp\/v2\/media?parent=20"}],"curies":[{"name":"wp","href":"https:\/\/api.w.org\/{rel}","templated":true}]}}